{"id":2946,"date":"2022-12-15T16:26:58","date_gmt":"2022-12-15T15:26:58","guid":{"rendered":"https:\/\/mekitchen.nl\/?page_id=2946"},"modified":"2022-12-15T16:54:22","modified_gmt":"2022-12-15T15:54:22","slug":"bosc","status":"publish","type":"page","link":"https:\/\/mekitchen.nl\/en\/bosc\/","title":{"rendered":"BOSCH kookplaten"},"content":{"rendered":"<div data-elementor-type=\"wp-page\" data-elementor-id=\"2946\" class=\"elementor elementor-2946\" data-elementor-post-type=\"page\">\n\t\t\t\t\t\t<section class=\"elementor-section elementor-top-section elementor-element elementor-element-0259261 elementor-section-boxed elementor-section-height-default elementor-section-height-default\" data-id=\"0259261\" data-element_type=\"section\" data-e-type=\"section\">\n\t\t\t\t\t\t<div class=\"elementor-container elementor-column-gap-default\">\n\t\t\t\t\t<div class=\"elementor-column elementor-col-50 elementor-top-column elementor-element elementor-element-f2bcd49\" data-id=\"f2bcd49\" data-element_type=\"column\" data-e-type=\"column\">\n\t\t\t<div class=\"elementor-widget-wrap elementor-element-populated\">\n\t\t\t\t\t\t<div class=\"elementor-element elementor-element-c367146 elementor-widget elementor-widget-image\" data-id=\"c367146\" data-element_type=\"widget\" data-e-type=\"widget\" data-widget_type=\"image.default\">\n\t\t\t\t<div class=\"elementor-widget-container\">\n\t\t\t\t\t\t\t\t\t\t\t\t\t\t\t<img fetchpriority=\"high\" decoding=\"async\" width=\"800\" height=\"310\" src=\"https:\/\/mekitchen.nl\/wp-content\/uploads\/2022\/12\/Kookplaat-Bosch-MEKitchen-1024x397.webp\" class=\"attachment-large size-large wp-image-2954\" alt=\"\" srcset=\"https:\/\/mekitchen.nl\/wp-content\/uploads\/2022\/12\/Kookplaat-Bosch-MEKitchen-1024x397.webp 1024w, https:\/\/mekitchen.nl\/wp-content\/uploads\/2022\/12\/Kookplaat-Bosch-MEKitchen-300x116.webp 300w, https:\/\/mekitchen.nl\/wp-content\/uploads\/2022\/12\/Kookplaat-Bosch-MEKitchen-768x298.webp 768w, https:\/\/mekitchen.nl\/wp-content\/uploads\/2022\/12\/Kookplaat-Bosch-MEKitchen-1536x596.webp 1536w, https:\/\/mekitchen.nl\/wp-content\/uploads\/2022\/12\/Kookplaat-Bosch-MEKitchen.webp 1800w\" sizes=\"(max-width: 800px) 100vw, 800px\" \/>\t\t\t\t\t\t\t\t\t\t\t\t\t\t\t<\/div>\n\t\t\t\t<\/div>\n\t\t\t\t\t<\/div>\n\t\t<\/div>\n\t\t\t\t<div class=\"elementor-column elementor-col-50 elementor-top-column elementor-element elementor-element-e2d457a\" data-id=\"e2d457a\" data-element_type=\"column\" data-e-type=\"column\">\n\t\t\t<div class=\"elementor-widget-wrap elementor-element-populated\">\n\t\t\t\t\t\t<div class=\"elementor-element elementor-element-5e5b40f elementor-widget elementor-widget-heading\" data-id=\"5e5b40f\" data-element_type=\"widget\" data-e-type=\"widget\" data-widget_type=\"heading.default\">\n\t\t\t\t<div class=\"elementor-widget-container\">\n\t\t\t\t\t<h1 class=\"elementor-heading-title elementor-size-default\">Inductiekookplaten<\/h1>\t\t\t\t<\/div>\n\t\t\t\t<\/div>\n\t\t\t\t<div class=\"elementor-element elementor-element-204c3f3 elementor-widget elementor-widget-text-editor\" data-id=\"204c3f3\" data-element_type=\"widget\" data-e-type=\"widget\" data-widget_type=\"text-editor.default\">\n\t\t\t\t<div class=\"elementor-widget-container\">\n\t\t\t\t\t\t\t\t\t<p>De handige functies en technieken van Bosch zorgen ervoor dat je gerecht altijd met het perfecte bakresultaat de pan verlaat. Expertise en kwaliteit zoals je gewend bent, nu in een nieuw jasje.<\/p>\t\t\t\t\t\t\t\t<\/div>\n\t\t\t\t<\/div>\n\t\t\t\t\t<\/div>\n\t\t<\/div>\n\t\t\t\t\t<\/div>\n\t\t<\/section>\n\t\t\t\t<section class=\"elementor-section elementor-top-section elementor-element elementor-element-f59bdae elementor-section-boxed elementor-section-height-default elementor-section-height-default\" data-id=\"f59bdae\" data-element_type=\"section\" data-e-type=\"section\">\n\t\t\t\t\t\t<div class=\"elementor-container elementor-column-gap-default\">\n\t\t\t\t\t<div class=\"elementor-column elementor-col-33 elementor-top-column elementor-element elementor-element-beaad7d elementor-hidden-desktop elementor-hidden-tablet\" data-id=\"beaad7d\" data-element_type=\"column\" data-e-type=\"column\">\n\t\t\t<div class=\"elementor-widget-wrap elementor-element-populated\">\n\t\t\t\t\t\t<div class=\"elementor-element elementor-element-21ed12d elementor-widget elementor-widget-image\" data-id=\"21ed12d\" data-element_type=\"widget\" data-e-type=\"widget\" data-widget_type=\"image.default\">\n\t\t\t\t<div class=\"elementor-widget-container\">\n\t\t\t\t\t\t\t\t\t\t\t\t\t\t\t<img decoding=\"async\" width=\"1600\" height=\"1200\" src=\"https:\/\/mekitchen.nl\/wp-content\/uploads\/2022\/12\/MEKitchen-Bosch-kookplaat.webp\" class=\"attachment-full size-full wp-image-2956\" alt=\"\" srcset=\"https:\/\/mekitchen.nl\/wp-content\/uploads\/2022\/12\/MEKitchen-Bosch-kookplaat.webp 1600w, https:\/\/mekitchen.nl\/wp-content\/uploads\/2022\/12\/MEKitchen-Bosch-kookplaat-300x225.webp 300w, https:\/\/mekitchen.nl\/wp-content\/uploads\/2022\/12\/MEKitchen-Bosch-kookplaat-1024x768.webp 1024w, https:\/\/mekitchen.nl\/wp-content\/uploads\/2022\/12\/MEKitchen-Bosch-kookplaat-768x576.webp 768w, https:\/\/mekitchen.nl\/wp-content\/uploads\/2022\/12\/MEKitchen-Bosch-kookplaat-1536x1152.webp 1536w\" sizes=\"(max-width: 1600px) 100vw, 1600px\" \/>\t\t\t\t\t\t\t\t\t\t\t\t\t\t\t<\/div>\n\t\t\t\t<\/div>\n\t\t\t\t\t<\/div>\n\t\t<\/div>\n\t\t\t\t<div class=\"elementor-column elementor-col-33 elementor-top-column elementor-element elementor-element-fdb08cc\" data-id=\"fdb08cc\" data-element_type=\"column\" data-e-type=\"column\">\n\t\t\t<div class=\"elementor-widget-wrap elementor-element-populated\">\n\t\t\t\t\t\t<div class=\"elementor-element elementor-element-35d61dd elementor-widget elementor-widget-heading\" data-id=\"35d61dd\" data-element_type=\"widget\" data-e-type=\"widget\" data-widget_type=\"heading.default\">\n\t\t\t\t<div class=\"elementor-widget-container\">\n\t\t\t\t\t<h2 class=\"elementor-heading-title elementor-size-default\">Het beste van onze kookplaten en afzuigkappen gecombineerd in \u00e9\u00e9n apparaat.<\/h2>\t\t\t\t<\/div>\n\t\t\t\t<\/div>\n\t\t\t\t<div class=\"elementor-element elementor-element-4444171 elementor-widget elementor-widget-text-editor\" data-id=\"4444171\" data-element_type=\"widget\" data-e-type=\"widget\" data-widget_type=\"text-editor.default\">\n\t\t\t\t<div class=\"elementor-widget-container\">\n\t\t\t\t\t\t\t\t\t<p>Om je meer vrijheid en flexibiliteit te bieden voor het ontwerp van jouw keuken hebben we een kookplaat ontworpen met een ge\u00efntegreerde afzuiging. Deze kookplaten combineren de laatste technologie van onze inductiekookplaten en afzuigsystemen in \u00e9\u00e9n apparaat. Het ge\u00efntegreerde afzuigsysteem onttrekt stoom en geur direct bij de bron.<\/p>\t\t\t\t\t\t\t\t<\/div>\n\t\t\t\t<\/div>\n\t\t\t\t\t<\/div>\n\t\t<\/div>\n\t\t\t\t<div class=\"elementor-column elementor-col-33 elementor-top-column elementor-element elementor-element-93ca7bc elementor-hidden-mobile\" data-id=\"93ca7bc\" data-element_type=\"column\" data-e-type=\"column\">\n\t\t\t<div class=\"elementor-widget-wrap elementor-element-populated\">\n\t\t\t\t\t\t<div class=\"elementor-element elementor-element-e7612c6 elementor-widget elementor-widget-image\" data-id=\"e7612c6\" data-element_type=\"widget\" data-e-type=\"widget\" data-widget_type=\"image.default\">\n\t\t\t\t<div class=\"elementor-widget-container\">\n\t\t\t\t\t\t\t\t\t\t\t\t\t\t\t<img decoding=\"async\" width=\"1600\" height=\"1200\" src=\"https:\/\/mekitchen.nl\/wp-content\/uploads\/2022\/12\/MEKitchen-Bosch-kookplaat.webp\" class=\"attachment-full size-full wp-image-2956\" alt=\"\" srcset=\"https:\/\/mekitchen.nl\/wp-content\/uploads\/2022\/12\/MEKitchen-Bosch-kookplaat.webp 1600w, https:\/\/mekitchen.nl\/wp-content\/uploads\/2022\/12\/MEKitchen-Bosch-kookplaat-300x225.webp 300w, https:\/\/mekitchen.nl\/wp-content\/uploads\/2022\/12\/MEKitchen-Bosch-kookplaat-1024x768.webp 1024w, https:\/\/mekitchen.nl\/wp-content\/uploads\/2022\/12\/MEKitchen-Bosch-kookplaat-768x576.webp 768w, https:\/\/mekitchen.nl\/wp-content\/uploads\/2022\/12\/MEKitchen-Bosch-kookplaat-1536x1152.webp 1536w\" sizes=\"(max-width: 1600px) 100vw, 1600px\" \/>\t\t\t\t\t\t\t\t\t\t\t\t\t\t\t<\/div>\n\t\t\t\t<\/div>\n\t\t\t\t\t<\/div>\n\t\t<\/div>\n\t\t\t\t\t<\/div>\n\t\t<\/section>\n\t\t\t\t<section class=\"elementor-section elementor-top-section elementor-element elementor-element-72b10dc elementor-section-boxed elementor-section-height-default elementor-section-height-default\" data-id=\"72b10dc\" data-element_type=\"section\" data-e-type=\"section\">\n\t\t\t\t\t\t<div class=\"elementor-container elementor-column-gap-default\">\n\t\t\t\t\t<div class=\"elementor-column elementor-col-50 elementor-top-column elementor-element elementor-element-f91e769\" data-id=\"f91e769\" data-element_type=\"column\" data-e-type=\"column\">\n\t\t\t<div class=\"elementor-widget-wrap elementor-element-populated\">\n\t\t\t\t\t\t<div class=\"elementor-element elementor-element-b22b0a7 elementor-widget elementor-widget-image\" data-id=\"b22b0a7\" data-element_type=\"widget\" data-e-type=\"widget\" data-widget_type=\"image.default\">\n\t\t\t\t<div class=\"elementor-widget-container\">\n\t\t\t\t\t\t\t\t\t\t\t\t\t\t\t<img decoding=\"async\" width=\"800\" height=\"700\" src=\"https:\/\/mekitchen.nl\/wp-content\/uploads\/2022\/12\/mekitchen-koken-bosch-1024x896.webp\" class=\"attachment-large size-large wp-image-2960\" alt=\"\" srcset=\"https:\/\/mekitchen.nl\/wp-content\/uploads\/2022\/12\/mekitchen-koken-bosch-1024x896.webp 1024w, https:\/\/mekitchen.nl\/wp-content\/uploads\/2022\/12\/mekitchen-koken-bosch-300x263.webp 300w, https:\/\/mekitchen.nl\/wp-content\/uploads\/2022\/12\/mekitchen-koken-bosch-768x672.webp 768w, https:\/\/mekitchen.nl\/wp-content\/uploads\/2022\/12\/mekitchen-koken-bosch-1536x1344.webp 1536w, https:\/\/mekitchen.nl\/wp-content\/uploads\/2022\/12\/mekitchen-koken-bosch.webp 1600w\" sizes=\"(max-width: 800px) 100vw, 800px\" \/>\t\t\t\t\t\t\t\t\t\t\t\t\t\t\t<\/div>\n\t\t\t\t<\/div>\n\t\t\t\t\t<\/div>\n\t\t<\/div>\n\t\t\t\t<div class=\"elementor-column elementor-col-50 elementor-top-column elementor-element elementor-element-c7141b1\" data-id=\"c7141b1\" data-element_type=\"column\" data-e-type=\"column\">\n\t\t\t<div class=\"elementor-widget-wrap elementor-element-populated\">\n\t\t\t\t\t\t<div class=\"elementor-element elementor-element-c00fef6 elementor-widget elementor-widget-heading\" data-id=\"c00fef6\" data-element_type=\"widget\" data-e-type=\"widget\" data-widget_type=\"heading.default\">\n\t\t\t\t<div class=\"elementor-widget-container\">\n\t\t\t\t\t<h2 class=\"elementor-heading-title elementor-size-default\">Koken wordt n\u00f3g leuker als je minder lang hoeft te wachten, weinig energie verbruikt en kunt vertrouwen op een perfect resultaat.<\/h2>\t\t\t\t<\/div>\n\t\t\t\t<\/div>\n\t\t\t\t<div class=\"elementor-element elementor-element-9a683f3 elementor-widget elementor-widget-text-editor\" data-id=\"9a683f3\" data-element_type=\"widget\" data-e-type=\"widget\" data-widget_type=\"text-editor.default\">\n\t\t\t\t<div class=\"elementor-widget-container\">\n\t\t\t\t\t\t\t\t\t<p>Een inductiekookplaat van Bosch verricht geen wonderen. Maar je bespaart er wel veel tijd mee. Je brengt twee liter water twee keer zo snel aan de kook als op een keramische kookplaat. Het eten is sneller klaar, je bespaart tijd en energie. Zo houd je w\u00e9l wonderlijk veel tijd over.<\/p>\t\t\t\t\t\t\t\t<\/div>\n\t\t\t\t<\/div>\n\t\t\t\t\t<\/div>\n\t\t<\/div>\n\t\t\t\t\t<\/div>\n\t\t<\/section>\n\t\t\t\t<section class=\"elementor-section elementor-top-section elementor-element elementor-element-fe9095f elementor-section-boxed elementor-section-height-default elementor-section-height-default\" data-id=\"fe9095f\" data-element_type=\"section\" data-e-type=\"section\">\n\t\t\t\t\t\t<div class=\"elementor-container elementor-column-gap-default\">\n\t\t\t\t\t<div class=\"elementor-column elementor-col-33 elementor-top-column elementor-element elementor-element-714d4e2 elementor-hidden-desktop elementor-hidden-tablet\" data-id=\"714d4e2\" data-element_type=\"column\" data-e-type=\"column\">\n\t\t\t<div class=\"elementor-widget-wrap elementor-element-populated\">\n\t\t\t\t\t\t<div class=\"elementor-element elementor-element-5fa2ffa elementor-widget elementor-widget-image\" data-id=\"5fa2ffa\" data-element_type=\"widget\" data-e-type=\"widget\" data-widget_type=\"image.default\">\n\t\t\t\t<div class=\"elementor-widget-container\">\n\t\t\t\t\t\t\t\t\t\t\t\t\t\t\t<img loading=\"lazy\" decoding=\"async\" width=\"800\" height=\"565\" src=\"https:\/\/mekitchen.nl\/wp-content\/uploads\/2022\/06\/ME-Kitchen-KIF680DS.jpeg\" class=\"attachment-large size-large wp-image-1020\" alt=\"\" srcset=\"https:\/\/mekitchen.nl\/wp-content\/uploads\/2022\/06\/ME-Kitchen-KIF680DS.jpeg 992w, https:\/\/mekitchen.nl\/wp-content\/uploads\/2022\/06\/ME-Kitchen-KIF680DS-300x212.jpeg 300w, https:\/\/mekitchen.nl\/wp-content\/uploads\/2022\/06\/ME-Kitchen-KIF680DS-768x543.jpeg 768w\" sizes=\"(max-width: 800px) 100vw, 800px\" \/>\t\t\t\t\t\t\t\t\t\t\t\t\t\t\t<\/div>\n\t\t\t\t<\/div>\n\t\t\t\t\t<\/div>\n\t\t<\/div>\n\t\t\t\t<div class=\"elementor-column elementor-col-33 elementor-top-column elementor-element elementor-element-1c292e6\" data-id=\"1c292e6\" data-element_type=\"column\" data-e-type=\"column\">\n\t\t\t<div class=\"elementor-widget-wrap elementor-element-populated\">\n\t\t\t\t\t\t<div class=\"elementor-element elementor-element-d300bf2 elementor-widget elementor-widget-heading\" data-id=\"d300bf2\" data-element_type=\"widget\" data-e-type=\"widget\" data-widget_type=\"heading.default\">\n\t\t\t\t<div class=\"elementor-widget-container\">\n\t\t\t\t\t<h2 class=\"elementor-heading-title elementor-size-default\">Hoe bereid je een perfecte biefstuk? Door de kookplaat aan te zetten.<\/h2>\t\t\t\t<\/div>\n\t\t\t\t<\/div>\n\t\t\t\t<div class=\"elementor-element elementor-element-0f0d1f8 elementor-widget elementor-widget-text-editor\" data-id=\"0f0d1f8\" data-element_type=\"widget\" data-e-type=\"widget\" data-widget_type=\"text-editor.default\">\n\t\t\t\t<div class=\"elementor-widget-container\">\n\t\t\t\t\t\t\t\t\t<p>Houd je van minimalistisch design en mat zwart in je keuken? Dan is de ETNA inductie kookplaat mat zwart iets voor jou, modellen te herkennen aan \u2018DS\u2019 in het typenummer. Deze inductie kookplaat heeft een unieke gematteerde look. De kookzones zijn subtiel aangeduid met glanzend zwart glas, waardoor een strak geheel gevormd wordt. Elegant, stijlvol en passend in elke keuken. Heb je liever een volledig glanzende inductie kookplaat van glas? Ook dan zit je goed bij ETNA. Bovendien kun je kiezen uit inductie kookplaten met strakke belijning en inductie kookplaten met cirkels.<\/p>\t\t\t\t\t\t\t\t<\/div>\n\t\t\t\t<\/div>\n\t\t\t\t\t<\/div>\n\t\t<\/div>\n\t\t\t\t<div class=\"elementor-column elementor-col-33 elementor-top-column elementor-element elementor-element-d860e20 elementor-hidden-mobile\" data-id=\"d860e20\" data-element_type=\"column\" data-e-type=\"column\">\n\t\t\t<div class=\"elementor-widget-wrap elementor-element-populated\">\n\t\t\t\t\t\t<div class=\"elementor-element elementor-element-1ff28d9 elementor-widget elementor-widget-image\" data-id=\"1ff28d9\" data-element_type=\"widget\" data-e-type=\"widget\" data-widget_type=\"image.default\">\n\t\t\t\t<div class=\"elementor-widget-container\">\n\t\t\t\t\t\t\t\t\t\t\t\t\t\t\t<img loading=\"lazy\" decoding=\"async\" width=\"800\" height=\"510\" src=\"https:\/\/mekitchen.nl\/wp-content\/uploads\/2022\/12\/bosch-biefstuk-mekitchen-1024x653.webp\" class=\"attachment-large size-large wp-image-2961\" alt=\"\" srcset=\"https:\/\/mekitchen.nl\/wp-content\/uploads\/2022\/12\/bosch-biefstuk-mekitchen-1024x653.webp 1024w, https:\/\/mekitchen.nl\/wp-content\/uploads\/2022\/12\/bosch-biefstuk-mekitchen-300x191.webp 300w, https:\/\/mekitchen.nl\/wp-content\/uploads\/2022\/12\/bosch-biefstuk-mekitchen-768x490.webp 768w, https:\/\/mekitchen.nl\/wp-content\/uploads\/2022\/12\/bosch-biefstuk-mekitchen-1536x979.webp 1536w, https:\/\/mekitchen.nl\/wp-content\/uploads\/2022\/12\/bosch-biefstuk-mekitchen.webp 1600w\" sizes=\"(max-width: 800px) 100vw, 800px\" \/>\t\t\t\t\t\t\t\t\t\t\t\t\t\t\t<\/div>\n\t\t\t\t<\/div>\n\t\t\t\t\t<\/div>\n\t\t<\/div>\n\t\t\t\t\t<\/div>\n\t\t<\/section>\n\t\t\t\t<\/div>","protected":false},"excerpt":{"rendered":"<p>Inductiekookplaten De handige functies en technieken van Bosch zorgen ervoor dat je gerecht altijd met het perfecte bakresultaat de pan verlaat. Expertise en kwaliteit zoals je gewend bent, nu in een nieuw jasje. Het beste van onze kookplaten en afzuigkappen gecombineerd in \u00e9\u00e9n apparaat. Om je meer vrijheid en flexibiliteit te bieden voor het ontwerp [&hellip;]<\/p>\n","protected":false},"author":2,"featured_media":0,"parent":0,"menu_order":0,"comment_status":"closed","ping_status":"closed","template":"elementor_header_footer","meta":{"footnotes":""},"class_list":["post-2946","page","type-page","status-publish","hentry"],"_links":{"self":[{"href":"https:\/\/mekitchen.nl\/en\/wp-json\/wp\/v2\/pages\/2946","targetHints":{"allow":["GET"]}}],"collection":[{"href":"https:\/\/mekitchen.nl\/en\/wp-json\/wp\/v2\/pages"}],"about":[{"href":"https:\/\/mekitchen.nl\/en\/wp-json\/wp\/v2\/types\/page"}],"author":[{"embeddable":true,"href":"https:\/\/mekitchen.nl\/en\/wp-json\/wp\/v2\/users\/2"}],"replies":[{"embeddable":true,"href":"https:\/\/mekitchen.nl\/en\/wp-json\/wp\/v2\/comments?post=2946"}],"version-history":[{"count":14,"href":"https:\/\/mekitchen.nl\/en\/wp-json\/wp\/v2\/pages\/2946\/revisions"}],"predecessor-version":[{"id":2983,"href":"https:\/\/mekitchen.nl\/en\/wp-json\/wp\/v2\/pages\/2946\/revisions\/2983"}],"wp:attachment":[{"href":"https:\/\/mekitchen.nl\/en\/wp-json\/wp\/v2\/media?parent=2946"}],"curies":[{"name":"wp","href":"https:\/\/api.w.org\/{rel}","templated":true}]}}