{"id":2925,"date":"2022-12-15T15:54:43","date_gmt":"2022-12-15T14:54:43","guid":{"rendered":"https:\/\/mekitchen.nl\/?page_id=2925"},"modified":"2025-11-26T15:23:57","modified_gmt":"2025-11-26T14:23:57","slug":"bosch-afzuigkappen","status":"publish","type":"page","link":"https:\/\/mekitchen.nl\/en\/bosch-afzuigkappen\/","title":{"rendered":"BOSCH afzuigkappen"},"content":{"rendered":"<div data-elementor-type=\"wp-page\" data-elementor-id=\"2925\" class=\"elementor elementor-2925\" data-elementor-post-type=\"page\">\n\t\t\t\t\t\t<section class=\"elementor-section elementor-top-section elementor-element elementor-element-1bdc270 elementor-section-boxed elementor-section-height-default elementor-section-height-default\" data-id=\"1bdc270\" data-element_type=\"section\" data-e-type=\"section\">\n\t\t\t\t\t\t<div class=\"elementor-container elementor-column-gap-default\">\n\t\t\t\t\t<div class=\"elementor-column elementor-col-50 elementor-top-column elementor-element elementor-element-b8db0d4\" data-id=\"b8db0d4\" data-element_type=\"column\" data-e-type=\"column\">\n\t\t\t<div class=\"elementor-widget-wrap elementor-element-populated\">\n\t\t\t\t\t\t<div class=\"elementor-element elementor-element-40e4dfc elementor-widget elementor-widget-image\" data-id=\"40e4dfc\" data-element_type=\"widget\" data-e-type=\"widget\" data-widget_type=\"image.default\">\n\t\t\t\t<div class=\"elementor-widget-container\">\n\t\t\t\t\t\t\t\t\t\t\t\t\t\t\t<img fetchpriority=\"high\" decoding=\"async\" width=\"1800\" height=\"698\" src=\"https:\/\/mekitchen.nl\/wp-content\/uploads\/2022\/12\/ME-Kitchen-Bosch.webp\" class=\"attachment-full size-full wp-image-2928\" alt=\"\" srcset=\"https:\/\/mekitchen.nl\/wp-content\/uploads\/2022\/12\/ME-Kitchen-Bosch.webp 1800w, https:\/\/mekitchen.nl\/wp-content\/uploads\/2022\/12\/ME-Kitchen-Bosch-300x116.webp 300w, https:\/\/mekitchen.nl\/wp-content\/uploads\/2022\/12\/ME-Kitchen-Bosch-1024x397.webp 1024w, https:\/\/mekitchen.nl\/wp-content\/uploads\/2022\/12\/ME-Kitchen-Bosch-768x298.webp 768w, https:\/\/mekitchen.nl\/wp-content\/uploads\/2022\/12\/ME-Kitchen-Bosch-1536x596.webp 1536w\" sizes=\"(max-width: 1800px) 100vw, 1800px\" \/>\t\t\t\t\t\t\t\t\t\t\t\t\t\t\t<\/div>\n\t\t\t\t<\/div>\n\t\t\t\t\t<\/div>\n\t\t<\/div>\n\t\t\t\t<div class=\"elementor-column elementor-col-50 elementor-top-column elementor-element elementor-element-a6ee04b\" data-id=\"a6ee04b\" data-element_type=\"column\" data-e-type=\"column\">\n\t\t\t<div class=\"elementor-widget-wrap elementor-element-populated\">\n\t\t\t\t\t\t<div class=\"elementor-element elementor-element-5fccb37 elementor-widget elementor-widget-heading\" data-id=\"5fccb37\" data-element_type=\"widget\" data-e-type=\"widget\" data-widget_type=\"heading.default\">\n\t\t\t\t<div class=\"elementor-widget-container\">\n\t\t\t\t\t<h1 class=\"elementor-heading-title elementor-size-default\">BOSCH afzuigkappen<\/h1>\t\t\t\t<\/div>\n\t\t\t\t<\/div>\n\t\t\t\t<div class=\"elementor-element elementor-element-f3f8fe1 elementor-widget elementor-widget-text-editor\" data-id=\"f3f8fe1\" data-element_type=\"widget\" data-e-type=\"widget\" data-widget_type=\"text-editor.default\">\n\t\t\t\t<div class=\"elementor-widget-container\">\n\t\t\t\t\t\t\t\t\t<p>Een verfrissende bries in jouw keuken. Terwijl je kookt, ruik je alleen wat je \u00e9cht wilt ruiken, met onze serie krachtige afzuigkappen. Dankzij de isolatie en de geluidsarme motor zijn ze z\u00f3 stil, dat jouw gasten en jij nauwelijks iets horen.<\/p>\t\t\t\t\t\t\t\t<\/div>\n\t\t\t\t<\/div>\n\t\t\t\t\t<\/div>\n\t\t<\/div>\n\t\t\t\t\t<\/div>\n\t\t<\/section>\n\t\t\t\t<section class=\"elementor-section elementor-top-section elementor-element elementor-element-7daeb88 elementor-section-boxed elementor-section-height-default elementor-section-height-default\" data-id=\"7daeb88\" data-element_type=\"section\" data-e-type=\"section\">\n\t\t\t\t\t\t<div class=\"elementor-container elementor-column-gap-default\">\n\t\t\t\t\t<div class=\"elementor-column elementor-col-33 elementor-top-column elementor-element elementor-element-94b4e24\" data-id=\"94b4e24\" data-element_type=\"column\" data-e-type=\"column\">\n\t\t\t<div class=\"elementor-widget-wrap elementor-element-populated\">\n\t\t\t\t\t\t<div class=\"elementor-element elementor-element-82bdf0d elementor-hidden-desktop elementor-hidden-tablet elementor-widget elementor-widget-image\" data-id=\"82bdf0d\" data-element_type=\"widget\" data-e-type=\"widget\" data-widget_type=\"image.default\">\n\t\t\t\t<div class=\"elementor-widget-container\">\n\t\t\t\t\t\t\t\t\t\t\t\t\t\t\t<img decoding=\"async\" src=\"https:\/\/mekitchen.nl\/wp-content\/uploads\/elementor\/thumbs\/ME-kitchen-Bosch-afschuiging-pz7dd1h06sfmw1yjkhecxn7yvy0ag3s37sswfwnhd2.webp\" title=\"ME-kitchen-Bosch-afschuiging\" alt=\"ME-kitchen-Bosch-afschuiging\" loading=\"lazy\" \/>\t\t\t\t\t\t\t\t\t\t\t\t\t\t\t<\/div>\n\t\t\t\t<\/div>\n\t\t\t\t\t<\/div>\n\t\t<\/div>\n\t\t\t\t<div class=\"elementor-column elementor-col-33 elementor-top-column elementor-element elementor-element-d7516f8\" data-id=\"d7516f8\" data-element_type=\"column\" data-e-type=\"column\">\n\t\t\t<div class=\"elementor-widget-wrap elementor-element-populated\">\n\t\t\t\t\t\t<div class=\"elementor-element elementor-element-e9b2557 elementor-widget elementor-widget-heading\" data-id=\"e9b2557\" data-element_type=\"widget\" data-e-type=\"widget\" data-widget_type=\"heading.default\">\n\t\t\t\t<div class=\"elementor-widget-container\">\n\t\t\t\t\t<h2 class=\"elementor-heading-title elementor-size-default\">Maximale ruimte met ge\u00efntegreerde afzuiging.<\/h2>\t\t\t\t<\/div>\n\t\t\t\t<\/div>\n\t\t\t\t<div class=\"elementor-element elementor-element-e118d5b elementor-widget elementor-widget-text-editor\" data-id=\"e118d5b\" data-element_type=\"widget\" data-e-type=\"widget\" data-widget_type=\"text-editor.default\">\n\t\t\t\t<div class=\"elementor-widget-container\">\n\t\t\t\t\t\t\t\t\t<p>Een stijlvol en ruimtebesparend alternatief voor een klassieke afzuigkap bieden wij met de kookplaat met ge\u00efntegreerde afzuiging. Dankzij het vernieuwde design is het kookoppervlak nog groter, en omdat er niks aan het plafond of aan de muur hoeft te worden bevestigd houd je extra ruimte over.<\/p>\t\t\t\t\t\t\t\t<\/div>\n\t\t\t\t<\/div>\n\t\t\t\t\t<\/div>\n\t\t<\/div>\n\t\t\t\t<div class=\"elementor-column elementor-col-33 elementor-top-column elementor-element elementor-element-3fdea46\" data-id=\"3fdea46\" data-element_type=\"column\" data-e-type=\"column\">\n\t\t\t<div class=\"elementor-widget-wrap elementor-element-populated\">\n\t\t\t\t\t\t<div class=\"elementor-element elementor-element-1f60b58 elementor-hidden-mobile elementor-widget elementor-widget-image\" data-id=\"1f60b58\" data-element_type=\"widget\" data-e-type=\"widget\" data-widget_type=\"image.default\">\n\t\t\t\t<div class=\"elementor-widget-container\">\n\t\t\t\t\t\t\t\t\t\t\t\t\t\t\t<img decoding=\"async\" src=\"https:\/\/mekitchen.nl\/wp-content\/uploads\/elementor\/thumbs\/ME-kitchen-Bosch-afschuiging-pz7dd1h06sfmw1yjkhecxn7yvy0ag3s37sswfwnhd2.webp\" title=\"ME-kitchen-Bosch-afschuiging\" alt=\"ME-kitchen-Bosch-afschuiging\" loading=\"lazy\" \/>\t\t\t\t\t\t\t\t\t\t\t\t\t\t\t<\/div>\n\t\t\t\t<\/div>\n\t\t\t\t\t<\/div>\n\t\t<\/div>\n\t\t\t\t\t<\/div>\n\t\t<\/section>\n\t\t\t\t<section class=\"elementor-section elementor-top-section elementor-element elementor-element-9ae154e elementor-section-boxed elementor-section-height-default elementor-section-height-default\" data-id=\"9ae154e\" data-element_type=\"section\" data-e-type=\"section\">\n\t\t\t\t\t\t<div class=\"elementor-container elementor-column-gap-default\">\n\t\t\t\t\t<div class=\"elementor-column elementor-col-50 elementor-top-column elementor-element elementor-element-ef293b0\" data-id=\"ef293b0\" data-element_type=\"column\" data-e-type=\"column\">\n\t\t\t<div class=\"elementor-widget-wrap elementor-element-populated\">\n\t\t\t\t\t\t<div class=\"elementor-element elementor-element-9d75f1d elementor-widget elementor-widget-image\" data-id=\"9d75f1d\" data-element_type=\"widget\" data-e-type=\"widget\" data-widget_type=\"image.default\">\n\t\t\t\t<div class=\"elementor-widget-container\">\n\t\t\t\t\t\t\t\t\t\t\t\t\t\t\t<img decoding=\"async\" src=\"https:\/\/mekitchen.nl\/wp-content\/uploads\/elementor\/thumbs\/ME-kitchen-Bosch-plafond-scaled-qggug1rvl6rjn0hc6gud3xohwr34f51x15shiw2foi.webp\" title=\"ME-kitchen-Bosch-plafond\" alt=\"ME-kitchen-Bosch-plafond\" loading=\"lazy\" \/>\t\t\t\t\t\t\t\t\t\t\t\t\t\t\t<\/div>\n\t\t\t\t<\/div>\n\t\t\t\t\t<\/div>\n\t\t<\/div>\n\t\t\t\t<div class=\"elementor-column elementor-col-50 elementor-top-column elementor-element elementor-element-03b676e\" data-id=\"03b676e\" data-element_type=\"column\" data-e-type=\"column\">\n\t\t\t<div class=\"elementor-widget-wrap elementor-element-populated\">\n\t\t\t\t\t\t<div class=\"elementor-element elementor-element-4254b3b elementor-widget elementor-widget-heading\" data-id=\"4254b3b\" data-element_type=\"widget\" data-e-type=\"widget\" data-widget_type=\"heading.default\">\n\t\t\t\t<div class=\"elementor-widget-container\">\n\t\t\t\t\t<h2 class=\"elementor-heading-title elementor-size-default\">Niet alleen frisse lucht, maar ook meer ruimte in jouw keuken.<\/h2>\t\t\t\t<\/div>\n\t\t\t\t<\/div>\n\t\t\t\t<div class=\"elementor-element elementor-element-a9b823d elementor-widget elementor-widget-text-editor\" data-id=\"a9b823d\" data-element_type=\"widget\" data-e-type=\"widget\" data-widget_type=\"text-editor.default\">\n\t\t\t\t<div class=\"elementor-widget-container\">\n\t\t\t\t\t\t\t\t\t<p>De plafondunit is een afzuigkap die direct in een dragend keukenplafond is gemonteerd. Hierdoor schijnt het licht perfect op jouw kookplaat en heb je meer bewegingsruimte bij het keukenblok. Nooit meer je hoofd stoten tegen de hoek van de afzuigkap.<\/p>\t\t\t\t\t\t\t\t<\/div>\n\t\t\t\t<\/div>\n\t\t\t\t\t<\/div>\n\t\t<\/div>\n\t\t\t\t\t<\/div>\n\t\t<\/section>\n\t\t\t\t<section class=\"elementor-section elementor-top-section elementor-element elementor-element-39dbcbd elementor-section-boxed elementor-section-height-default elementor-section-height-default\" data-id=\"39dbcbd\" data-element_type=\"section\" data-e-type=\"section\">\n\t\t\t\t\t\t<div class=\"elementor-container elementor-column-gap-default\">\n\t\t\t\t\t<div class=\"elementor-column elementor-col-33 elementor-top-column elementor-element elementor-element-cdf5cb1 elementor-hidden-desktop elementor-hidden-tablet\" data-id=\"cdf5cb1\" data-element_type=\"column\" data-e-type=\"column\">\n\t\t\t<div class=\"elementor-widget-wrap elementor-element-populated\">\n\t\t\t\t\t\t<div class=\"elementor-element elementor-element-d848185 elementor-widget elementor-widget-image\" data-id=\"d848185\" data-element_type=\"widget\" data-e-type=\"widget\" data-widget_type=\"image.default\">\n\t\t\t\t<div class=\"elementor-widget-container\">\n\t\t\t\t\t\t\t\t\t\t\t\t\t\t\t<img decoding=\"async\" src=\"https:\/\/mekitchen.nl\/wp-content\/uploads\/elementor\/thumbs\/Bosch-MEkitchen-scaled-qggufyyd0onoo6lfmxmhege44lh0s1qq0ru1326m76.webp\" title=\"Bosch-MEkitchen\" alt=\"Bosch-MEkitchen\" loading=\"lazy\" \/>\t\t\t\t\t\t\t\t\t\t\t\t\t\t\t<\/div>\n\t\t\t\t<\/div>\n\t\t\t\t\t<\/div>\n\t\t<\/div>\n\t\t\t\t<div class=\"elementor-column elementor-col-33 elementor-top-column elementor-element elementor-element-95a7430\" data-id=\"95a7430\" data-element_type=\"column\" data-e-type=\"column\">\n\t\t\t<div class=\"elementor-widget-wrap elementor-element-populated\">\n\t\t\t\t\t\t<div class=\"elementor-element elementor-element-f7408f7 elementor-widget elementor-widget-heading\" data-id=\"f7408f7\" data-element_type=\"widget\" data-e-type=\"widget\" data-widget_type=\"heading.default\">\n\t\t\t\t<div class=\"elementor-widget-container\">\n\t\t\t\t\t<h2 class=\"elementor-heading-title elementor-size-default\">Een modern meesterwerk voor in jouw keuken.<\/h2>\t\t\t\t<\/div>\n\t\t\t\t<\/div>\n\t\t\t\t<div class=\"elementor-element elementor-element-4f49ca5 elementor-widget elementor-widget-text-editor\" data-id=\"4f49ca5\" data-element_type=\"widget\" data-e-type=\"widget\" data-widget_type=\"text-editor.default\">\n\t\t\t\t<div class=\"elementor-widget-container\">\n\t\t\t\t\t\t\t\t\t<p>Onze eilandschouwkappen zijn speciaal bedoeld voor boven jouw kookeiland en hangen vrij aan het plafond. Dankzij ruime keus in designs en afmetingen zijn eilandschouwkappen de ideale oplossing voor elke keuken. Welke eisen je ook stelt.<\/p>\t\t\t\t\t\t\t\t<\/div>\n\t\t\t\t<\/div>\n\t\t\t\t\t<\/div>\n\t\t<\/div>\n\t\t\t\t<div class=\"elementor-column elementor-col-33 elementor-top-column elementor-element elementor-element-650a6bb\" data-id=\"650a6bb\" data-element_type=\"column\" data-e-type=\"column\">\n\t\t\t<div class=\"elementor-widget-wrap elementor-element-populated\">\n\t\t\t\t\t\t<div class=\"elementor-element elementor-element-34ec8a3 elementor-hidden-mobile elementor-widget elementor-widget-image\" data-id=\"34ec8a3\" data-element_type=\"widget\" data-e-type=\"widget\" data-widget_type=\"image.default\">\n\t\t\t\t<div class=\"elementor-widget-container\">\n\t\t\t\t\t\t\t\t\t\t\t\t\t\t\t<img decoding=\"async\" src=\"https:\/\/mekitchen.nl\/wp-content\/uploads\/elementor\/thumbs\/Bosch-MEkitchen-scaled-qggufyyd0onoo6lfmxmhege44lh0s1qq0ru1326m76.webp\" title=\"Bosch-MEkitchen\" alt=\"Bosch-MEkitchen\" loading=\"lazy\" \/>\t\t\t\t\t\t\t\t\t\t\t\t\t\t\t<\/div>\n\t\t\t\t<\/div>\n\t\t\t\t\t<\/div>\n\t\t<\/div>\n\t\t\t\t\t<\/div>\n\t\t<\/section>\n\t\t\t\t<section class=\"elementor-section elementor-top-section elementor-element elementor-element-e4869f1 elementor-section-boxed elementor-section-height-default elementor-section-height-default\" data-id=\"e4869f1\" data-element_type=\"section\" data-e-type=\"section\">\n\t\t\t\t\t\t<div class=\"elementor-container elementor-column-gap-default\">\n\t\t\t\t\t<div class=\"elementor-column elementor-col-50 elementor-top-column elementor-element elementor-element-f8da9a8\" data-id=\"f8da9a8\" data-element_type=\"column\" data-e-type=\"column\">\n\t\t\t<div class=\"elementor-widget-wrap elementor-element-populated\">\n\t\t\t\t\t\t<div class=\"elementor-element elementor-element-2945426 elementor-widget elementor-widget-image\" data-id=\"2945426\" data-element_type=\"widget\" data-e-type=\"widget\" data-widget_type=\"image.default\">\n\t\t\t\t<div class=\"elementor-widget-container\">\n\t\t\t\t\t\t\t\t\t\t\t\t\t\t\t<img decoding=\"async\" src=\"https:\/\/mekitchen.nl\/wp-content\/uploads\/elementor\/thumbs\/MeKithcen_wandschouwkappen_bosch-pz7dojztwq73438fbyktz8m8uv95qmhpssi12xkv52.webp\" title=\"MeKithcen_wandschouwkappen_bosch\" alt=\"MeKithcen_wandschouwkappen_bosch\" loading=\"lazy\" \/>\t\t\t\t\t\t\t\t\t\t\t\t\t\t\t<\/div>\n\t\t\t\t<\/div>\n\t\t\t\t\t<\/div>\n\t\t<\/div>\n\t\t\t\t<div class=\"elementor-column elementor-col-50 elementor-top-column elementor-element elementor-element-0d17c9b\" data-id=\"0d17c9b\" data-element_type=\"column\" data-e-type=\"column\">\n\t\t\t<div class=\"elementor-widget-wrap elementor-element-populated\">\n\t\t\t\t\t\t<div class=\"elementor-element elementor-element-5db72ef elementor-widget elementor-widget-heading\" data-id=\"5db72ef\" data-element_type=\"widget\" data-e-type=\"widget\" data-widget_type=\"heading.default\">\n\t\t\t\t<div class=\"elementor-widget-container\">\n\t\t\t\t\t<h2 class=\"elementor-heading-title elementor-size-default\">Bosch wandschouwkappen. Opvallende prestaties, ingetogen design.<\/h2>\t\t\t\t<\/div>\n\t\t\t\t<\/div>\n\t\t\t\t<div class=\"elementor-element elementor-element-cc84e73 elementor-widget elementor-widget-text-editor\" data-id=\"cc84e73\" data-element_type=\"widget\" data-e-type=\"widget\" data-widget_type=\"text-editor.default\">\n\t\t\t\t<div class=\"elementor-widget-container\">\n\t\t\t\t\t\t\t\t\t<p>Een wandschouwkap wordt meestal boven de kookplaat aan de wand gemonteerd, tussen de bovenkasten. Bijna onzichtbaar, maar niet onopvallend. Het verbluffende ventilatieresultaat zal niemand ontgaan.<\/p>\t\t\t\t\t\t\t\t<\/div>\n\t\t\t\t<\/div>\n\t\t\t\t<div class=\"elementor-element elementor-element-e1ec5ae elementor-widget elementor-widget-spacer\" data-id=\"e1ec5ae\" data-element_type=\"widget\" data-e-type=\"widget\" data-widget_type=\"spacer.default\">\n\t\t\t\t<div class=\"elementor-widget-container\">\n\t\t\t\t\t\t\t<div class=\"elementor-spacer\">\n\t\t\t<div class=\"elementor-spacer-inner\"><\/div>\n\t\t<\/div>\n\t\t\t\t\t\t<\/div>\n\t\t\t\t<\/div>\n\t\t\t\t<div class=\"elementor-element elementor-element-4816c6c elementor-widget elementor-widget-button\" data-id=\"4816c6c\" data-element_type=\"widget\" data-e-type=\"widget\" data-widget_type=\"button.default\">\n\t\t\t\t<div class=\"elementor-widget-container\">\n\t\t\t\t\t\t\t\t\t<div class=\"elementor-button-wrapper\">\n\t\t\t\t\t<a class=\"elementor-button elementor-button-link elementor-size-sm\" href=\"\/en\/?page_id=20\">\n\t\t\t\t\t\t<span class=\"elementor-button-content-wrapper\">\n\t\t\t\t\t\t<span class=\"elementor-button-icon\">\n\t\t\t\t<svg aria-hidden=\"true\" class=\"e-font-icon-svg e-fas-arrow-right\" viewbox=\"0 0 448 512\" xmlns=\"http:\/\/www.w3.org\/2000\/svg\"><path d=\"M190.5 66.9l22.2-22.2c9.4-9.4 24.6-9.4 33.9 0L441 239c9.4 9.4 9.4 24.6 0 33.9L246.6 467.3c-9.4 9.4-24.6 9.4-33.9 0l-22.2-22.2c-9.5-9.5-9.3-25 .4-34.3L311.4 296H24c-13.3 0-24-10.7-24-24v-32c0-13.3 10.7-24 24-24h287.4L190.9 101.2c-9.8-9.3-10-24.8-.4-34.3z\"><\/path><\/svg>\t\t\t<\/span>\n\t\t\t\t\t\t\t\t\t<span class=\"elementor-button-text\">Kom en beleef de Experience center<\/span>\n\t\t\t\t\t<\/span>\n\t\t\t\t\t<\/a>\n\t\t\t\t<\/div>\n\t\t\t\t\t\t\t\t<\/div>\n\t\t\t\t<\/div>\n\t\t\t\t\t<\/div>\n\t\t<\/div>\n\t\t\t\t\t<\/div>\n\t\t<\/section>\n\t\t\t\t<\/div>","protected":false},"excerpt":{"rendered":"<p>BOSCH afzuigkappen Een verfrissende bries in jouw keuken. Terwijl je kookt, ruik je alleen wat je \u00e9cht wilt ruiken, met onze serie krachtige afzuigkappen. Dankzij de isolatie en de geluidsarme motor zijn ze z\u00f3 stil, dat jouw gasten en jij nauwelijks iets horen. Maximale ruimte met ge\u00efntegreerde afzuiging. Een stijlvol en ruimtebesparend alternatief voor een [&hellip;]<\/p>\n","protected":false},"author":2,"featured_media":0,"parent":0,"menu_order":0,"comment_status":"closed","ping_status":"closed","template":"elementor_header_footer","meta":{"footnotes":""},"class_list":["post-2925","page","type-page","status-publish","hentry"],"_links":{"self":[{"href":"https:\/\/mekitchen.nl\/en\/wp-json\/wp\/v2\/pages\/2925","targetHints":{"allow":["GET"]}}],"collection":[{"href":"https:\/\/mekitchen.nl\/en\/wp-json\/wp\/v2\/pages"}],"about":[{"href":"https:\/\/mekitchen.nl\/en\/wp-json\/wp\/v2\/types\/page"}],"author":[{"embeddable":true,"href":"https:\/\/mekitchen.nl\/en\/wp-json\/wp\/v2\/users\/2"}],"replies":[{"embeddable":true,"href":"https:\/\/mekitchen.nl\/en\/wp-json\/wp\/v2\/comments?post=2925"}],"version-history":[{"count":18,"href":"https:\/\/mekitchen.nl\/en\/wp-json\/wp\/v2\/pages\/2925\/revisions"}],"predecessor-version":[{"id":7761,"href":"https:\/\/mekitchen.nl\/en\/wp-json\/wp\/v2\/pages\/2925\/revisions\/7761"}],"wp:attachment":[{"href":"https:\/\/mekitchen.nl\/en\/wp-json\/wp\/v2\/media?parent=2925"}],"curies":[{"name":"wp","href":"https:\/\/api.w.org\/{rel}","templated":true}]}}